{"id":417,"date":"2025-08-24T10:02:31","date_gmt":"2025-08-24T10:02:31","guid":{"rendered":"https:\/\/clapatelier.fr\/?page_id=417"},"modified":"2025-08-24T10:06:03","modified_gmt":"2025-08-24T10:06:03","slug":"cricut-new","status":"publish","type":"page","link":"https:\/\/clapatelier.fr\/index.php\/cricut-new\/","title":{"rendered":"Cricut"},"content":{"rendered":"\t\t<div data-elementor-type=\"wp-page\" data-elementor-id=\"417\" class=\"elementor elementor-417\">\n\t\t\t\t<div class=\"elementor-element elementor-element-76a685c9 e-flex e-con-boxed e-con e-parent\" data-id=\"76a685c9\" data-element_type=\"container\" data-e-type=\"container\">\n\t\t\t\t\t<div class=\"e-con-inner\">\n\t\t\t\t<div class=\"elementor-element elementor-element-17149e8c elementor-widget__width-initial elementor-widget elementor-widget-heading\" data-id=\"17149e8c\" data-element_type=\"widget\" data-e-type=\"widget\" data-widget_type=\"heading.default\">\n\t\t\t\t\t<h2 class=\"elementor-heading-title elementor-size-default\">Cricut<\/h2>\t\t\t\t<\/div>\n\t\t\t\t\t<\/div>\n\t\t\t\t<\/div>\n\t\t<div class=\"elementor-element elementor-element-6e6cf044 e-flex e-con-boxed e-con e-parent\" data-id=\"6e6cf044\" data-element_type=\"container\" data-e-type=\"container\">\n\t\t\t\t\t<div class=\"e-con-inner\">\n\t\t\t\t<div class=\"elementor-element elementor-element-709f0200 elementor-grid-eael-col-3 elementor-grid-tablet-eael-col-2 elementor-grid-mobile-eael-col-1 elementor-widget elementor-widget-eael-post-grid\" data-id=\"709f0200\" data-element_type=\"widget\" data-e-type=\"widget\" data-settings=\"{&quot;eael_post_grid_columns&quot;:&quot;eael-col-3&quot;,&quot;eael_post_grid_columns_tablet&quot;:&quot;eael-col-2&quot;,&quot;eael_post_grid_columns_mobile&quot;:&quot;eael-col-1&quot;}\" data-widget_type=\"eael-post-grid.default\">\n\t\t\t\t\t<div id=\"eael-post-grid-709f0200\" class=\"eael-post-grid-container\">\n            <div class=\"eael-post-grid eael-post-appender eael-post-appender-709f0200 eael-post-grid-style-three\" data-layout-mode=\"masonry\"><article class=\"eael-grid-post  eael-post-grid-column eael-pg-post-600 category-cricut\" data-id=\"600\">\n        <div class=\"eael-grid-post-holder\">\n            <div class=\"eael-grid-post-holder-inner\"><div class=\"eael-entry-media\"><div class=\"eael-entry-overlay none\"><i class=\"fas fa-long-arrow-alt-right\" aria-hidden=\"true\"><\/i><a href=\"https:\/\/clapatelier.fr\/index.php\/2026\/03\/19\/brouette-de-paques\/\"><\/a><\/div><div class=\"eael-entry-thumbnail \">\n                 <img fetchpriority=\"high\" decoding=\"async\" width=\"768\" height=\"1024\" src=\"https:\/\/clapatelier.fr\/wp-content\/uploads\/2026\/03\/IMG_1951-3-768x1024.jpg\" class=\"attachment-large size-large wp-image-604\" alt=\"\" srcset=\"https:\/\/clapatelier.fr\/wp-content\/uploads\/2026\/03\/IMG_1951-3-768x1024.jpg 768w, https:\/\/clapatelier.fr\/wp-content\/uploads\/2026\/03\/IMG_1951-3-225x300.jpg 225w, https:\/\/clapatelier.fr\/wp-content\/uploads\/2026\/03\/IMG_1951-3-1152x1536.jpg 1152w, https:\/\/clapatelier.fr\/wp-content\/uploads\/2026\/03\/IMG_1951-3-1536x2048.jpg 1536w, https:\/\/clapatelier.fr\/wp-content\/uploads\/2026\/03\/IMG_1951-3-scaled.jpg 1920w\" sizes=\"(max-width: 768px) 100vw, 768px\" \/>\n             <\/div>\n        <\/div><div class=\"eael-entry-wrapper\"><header class=\"eael-entry-header\"><h2 class=\"eael-entry-title\"><a class=\"eael-grid-post-link\" href=\"https:\/\/clapatelier.fr\/index.php\/2026\/03\/19\/brouette-de-paques\/\" title=\"Brouette de P\u00e2ques\">Brouette de P\u00e2ques<\/a><\/h2><\/header><div class=\"eael-entry-content\">\n                        <div class=\"eael-grid-post-excerpt\"><p>En Alsace, P\u00e2ques est une f\u00eate importante ! J&rsquo;aime chaque ann\u00e9e faire une petite d\u00e9coration diff\u00e9rente, pour y mettre mes...<\/p><a href=\"https:\/\/clapatelier.fr\/index.php\/2026\/03\/19\/brouette-de-paques\/\" class=\"eael-post-elements-readmore-btn\">Lire l'article<\/a><\/div>\n                    <\/div><\/div><\/div>\n        <\/div>\n    <\/article><article class=\"eael-grid-post  eael-post-grid-column eael-pg-post-545 category-cricut\" data-id=\"545\">\n        <div class=\"eael-grid-post-holder\">\n            <div class=\"eael-grid-post-holder-inner\"><div class=\"eael-entry-media\"><div class=\"eael-entry-overlay none\"><i class=\"fas fa-long-arrow-alt-right\" aria-hidden=\"true\"><\/i><a href=\"https:\/\/clapatelier.fr\/index.php\/2025\/11\/22\/calendrier-de-lavent-bredele\/\"><\/a><\/div><div class=\"eael-entry-thumbnail \">\n                 <img decoding=\"async\" width=\"768\" height=\"1024\" src=\"https:\/\/clapatelier.fr\/wp-content\/uploads\/2025\/11\/IMG_2607-scaled.jpg\" class=\"attachment-large size-large wp-image-546\" alt=\"\" \/>\n             <\/div>\n        <\/div><div class=\"eael-entry-wrapper\"><header class=\"eael-entry-header\"><h2 class=\"eael-entry-title\"><a class=\"eael-grid-post-link\" href=\"https:\/\/clapatelier.fr\/index.php\/2025\/11\/22\/calendrier-de-lavent-bredele\/\" title=\"Calendrier de l&rsquo;avent Bredele\">Calendrier de l&rsquo;avent Bredele<\/a><\/h2><\/header><div class=\"eael-entry-content\">\n                        <div class=\"eael-grid-post-excerpt\"><p>Etant d&rsquo;origine alsacienne, j&rsquo;ai toujours fait des Bredele \u00e0 la p\u00e9riode de No\u00ebl. Pour honorer cette tradition, j&rsquo;ai d\u00e9cid\u00e9 cette...<\/p><a href=\"https:\/\/clapatelier.fr\/index.php\/2025\/11\/22\/calendrier-de-lavent-bredele\/\" class=\"eael-post-elements-readmore-btn\">Lire l'article<\/a><\/div>\n                    <\/div><\/div><\/div>\n        <\/div>\n    <\/article><article class=\"eael-grid-post  eael-post-grid-column eael-pg-post-515 category-cricut\" data-id=\"515\">\n        <div class=\"eael-grid-post-holder\">\n            <div class=\"eael-grid-post-holder-inner\"><div class=\"eael-entry-media\"><div class=\"eael-entry-overlay none\"><i class=\"fas fa-long-arrow-alt-right\" aria-hidden=\"true\"><\/i><a href=\"https:\/\/clapatelier.fr\/index.php\/2025\/10\/18\/panneau-de-porte-halloween\/\"><\/a><\/div><div class=\"eael-entry-thumbnail \">\n                 <img decoding=\"async\" width=\"768\" height=\"1024\" src=\"https:\/\/clapatelier.fr\/wp-content\/uploads\/2025\/10\/IMG_2138-1-768x1024.jpg\" class=\"attachment-large size-large wp-image-535\" alt=\"\" srcset=\"https:\/\/clapatelier.fr\/wp-content\/uploads\/2025\/10\/IMG_2138-1-768x1024.jpg 768w, https:\/\/clapatelier.fr\/wp-content\/uploads\/2025\/10\/IMG_2138-1-225x300.jpg 225w, https:\/\/clapatelier.fr\/wp-content\/uploads\/2025\/10\/IMG_2138-1-1152x1536.jpg 1152w, https:\/\/clapatelier.fr\/wp-content\/uploads\/2025\/10\/IMG_2138-1-1536x2048.jpg 1536w, https:\/\/clapatelier.fr\/wp-content\/uploads\/2025\/10\/IMG_2138-1-scaled.jpg 1920w\" sizes=\"(max-width: 768px) 100vw, 768px\" \/>\n             <\/div>\n        <\/div><div class=\"eael-entry-wrapper\"><header class=\"eael-entry-header\"><h2 class=\"eael-entry-title\"><a class=\"eael-grid-post-link\" href=\"https:\/\/clapatelier.fr\/index.php\/2025\/10\/18\/panneau-de-porte-halloween\/\" title=\"Panneau de porte Halloween\">Panneau de porte Halloween<\/a><\/h2><\/header><div class=\"eael-entry-content\">\n                        <div class=\"eael-grid-post-excerpt\"><p>Pour Halloween, j\u2019ai eu envie de cr\u00e9er un joli panneau \u00e0 suspendre \u00e0 ma porte pour accueillir les petits monstres...<\/p><a href=\"https:\/\/clapatelier.fr\/index.php\/2025\/10\/18\/panneau-de-porte-halloween\/\" class=\"eael-post-elements-readmore-btn\">Lire l'article<\/a><\/div>\n                    <\/div><\/div><\/div>\n        <\/div>\n    <\/article><article class=\"eael-grid-post  eael-post-grid-column eael-pg-post-389 category-cricut\" data-id=\"389\">\n        <div class=\"eael-grid-post-holder\">\n            <div class=\"eael-grid-post-holder-inner\"><div class=\"eael-entry-media\"><div class=\"eael-entry-overlay none\"><i class=\"fas fa-long-arrow-alt-right\" aria-hidden=\"true\"><\/i><a href=\"https:\/\/clapatelier.fr\/index.php\/2025\/08\/24\/boucles-doreilles\/\"><\/a><\/div><div class=\"eael-entry-thumbnail \">\n                 <img loading=\"lazy\" decoding=\"async\" width=\"768\" height=\"1024\" src=\"https:\/\/clapatelier.fr\/wp-content\/uploads\/2025\/08\/IMG_1067-2-768x1024.jpg\" class=\"attachment-large size-large wp-image-390\" alt=\"\" srcset=\"https:\/\/clapatelier.fr\/wp-content\/uploads\/2025\/08\/IMG_1067-2-768x1024.jpg 768w, https:\/\/clapatelier.fr\/wp-content\/uploads\/2025\/08\/IMG_1067-2-225x300.jpg 225w, https:\/\/clapatelier.fr\/wp-content\/uploads\/2025\/08\/IMG_1067-2-1152x1536.jpg 1152w, https:\/\/clapatelier.fr\/wp-content\/uploads\/2025\/08\/IMG_1067-2-1536x2048.jpg 1536w, https:\/\/clapatelier.fr\/wp-content\/uploads\/2025\/08\/IMG_1067-2-scaled.jpg 1920w\" sizes=\"(max-width: 768px) 100vw, 768px\" \/>\n             <\/div>\n        <\/div><div class=\"eael-entry-wrapper\"><header class=\"eael-entry-header\"><h2 class=\"eael-entry-title\"><a class=\"eael-grid-post-link\" href=\"https:\/\/clapatelier.fr\/index.php\/2025\/08\/24\/boucles-doreilles\/\" title=\"Boucles d&rsquo;oreilles coquillages\">Boucles d&rsquo;oreilles coquillages<\/a><\/h2><\/header><div class=\"eael-entry-content\">\n                        <div class=\"eael-grid-post-excerpt\"><p>J&rsquo;ai toujours trouv\u00e9 que le plastique fou \u00e9tait un produit g\u00e9nial, et pas forc\u00e9ment que pour les enfants ! Puis,...<\/p><a href=\"https:\/\/clapatelier.fr\/index.php\/2025\/08\/24\/boucles-doreilles\/\" class=\"eael-post-elements-readmore-btn\">Lire l'article<\/a><\/div>\n                    <\/div><\/div><\/div>\n        <\/div>\n    <\/article><article class=\"eael-grid-post  eael-post-grid-column eael-pg-post-183 category-cricut\" data-id=\"183\">\n        <div class=\"eael-grid-post-holder\">\n            <div class=\"eael-grid-post-holder-inner\"><div class=\"eael-entry-media\"><div class=\"eael-entry-overlay none\"><i class=\"fas fa-long-arrow-alt-right\" aria-hidden=\"true\"><\/i><a href=\"https:\/\/clapatelier.fr\/index.php\/2025\/08\/13\/calendrier183\/\"><\/a><\/div><div class=\"eael-entry-thumbnail \">\n                 <img loading=\"lazy\" decoding=\"async\" width=\"768\" height=\"1024\" src=\"https:\/\/clapatelier.fr\/wp-content\/uploads\/2025\/08\/IMG_4956_Original-768x1024.jpg\" class=\"attachment-large size-large wp-image-407\" alt=\"\" srcset=\"https:\/\/clapatelier.fr\/wp-content\/uploads\/2025\/08\/IMG_4956_Original-768x1024.jpg 768w, https:\/\/clapatelier.fr\/wp-content\/uploads\/2025\/08\/IMG_4956_Original-225x300.jpg 225w, https:\/\/clapatelier.fr\/wp-content\/uploads\/2025\/08\/IMG_4956_Original-1152x1536.jpg 1152w, https:\/\/clapatelier.fr\/wp-content\/uploads\/2025\/08\/IMG_4956_Original.jpg 1460w\" sizes=\"(max-width: 768px) 100vw, 768px\" \/>\n             <\/div>\n        <\/div><div class=\"eael-entry-wrapper\"><header class=\"eael-entry-header\"><h2 class=\"eael-entry-title\"><a class=\"eael-grid-post-link\" href=\"https:\/\/clapatelier.fr\/index.php\/2025\/08\/13\/calendrier183\/\" title=\"Calendrier de l&rsquo;avent\">Calendrier de l&rsquo;avent<\/a><\/h2><\/header><div class=\"eael-entry-content\">\n                        <div class=\"eael-grid-post-excerpt\"><p>J&rsquo;ai cr\u00e9e le calendrier de l\u2019avent qu\u2019il vous faut\ud83c\udf84 J\u2019ai toujours ador\u00e9 les villages de No\u00ebl, alors j\u2019ai d\u00e9cid\u00e9 de...<\/p><a href=\"https:\/\/clapatelier.fr\/index.php\/2025\/08\/13\/calendrier183\/\" class=\"eael-post-elements-readmore-btn\">Lire l'article<\/a><\/div>\n                    <\/div><\/div><\/div>\n        <\/div>\n    <\/article><\/div>\n            <div class=\"clearfix\"><\/div>\n        <\/div>\t\t\t\t<\/div>\n\t\t\t\t\t<\/div>\n\t\t\t\t<\/div>\n\t\t\t\t<\/div>\n\t\t","protected":false},"excerpt":{"rendered":"<p>Cricut Boucles d&rsquo;oreilles coquillages J&rsquo;ai toujours trouv\u00e9 que le plastique fou \u00e9tait un produit g\u00e9nial, et pas forc\u00e9ment que pour les enfants ! Puis,&#8230; Lire l&rsquo;article Calendrier de l&rsquo;avent J&rsquo;ai cr\u00e9e le calendrier de l\u2019avent qu\u2019il vous faut\ud83c\udf84 J\u2019ai toujours ador\u00e9 les villages de No\u00ebl, alors j\u2019ai d\u00e9cid\u00e9 de&#8230; Lire l&rsquo;article<\/p>\n","protected":false},"author":1,"featured_media":0,"parent":0,"menu_order":0,"comment_status":"closed","ping_status":"closed","template":"elementor_header_footer","meta":{"_eb_attr":"","footnotes":""},"class_list":["post-417","page","type-page","status-publish","hentry"],"blocksy_meta":[],"_links":{"self":[{"href":"https:\/\/clapatelier.fr\/index.php\/wp-json\/wp\/v2\/pages\/417","targetHints":{"allow":["GET"]}}],"collection":[{"href":"https:\/\/clapatelier.fr\/index.php\/wp-json\/wp\/v2\/pages"}],"about":[{"href":"https:\/\/clapatelier.fr\/index.php\/wp-json\/wp\/v2\/types\/page"}],"author":[{"embeddable":true,"href":"https:\/\/clapatelier.fr\/index.php\/wp-json\/wp\/v2\/users\/1"}],"replies":[{"embeddable":true,"href":"https:\/\/clapatelier.fr\/index.php\/wp-json\/wp\/v2\/comments?post=417"}],"version-history":[{"count":5,"href":"https:\/\/clapatelier.fr\/index.php\/wp-json\/wp\/v2\/pages\/417\/revisions"}],"predecessor-version":[{"id":428,"href":"https:\/\/clapatelier.fr\/index.php\/wp-json\/wp\/v2\/pages\/417\/revisions\/428"}],"wp:attachment":[{"href":"https:\/\/clapatelier.fr\/index.php\/wp-json\/wp\/v2\/media?parent=417"}],"curies":[{"name":"wp","href":"https:\/\/api.w.org\/{rel}","templated":true}]}}