{"id":78,"date":"2025-08-19T15:43:17","date_gmt":"2025-08-19T15:43:17","guid":{"rendered":"http:\/\/clapatelier.fr\/?page_id=78"},"modified":"2025-08-19T15:46:27","modified_gmt":"2025-08-19T15:46:27","slug":"a-propos","status":"publish","type":"page","link":"https:\/\/clapatelier.fr\/index.php\/a-propos\/","title":{"rendered":"A propos"},"content":{"rendered":"\t\t<div data-elementor-type=\"wp-page\" data-elementor-id=\"78\" class=\"elementor elementor-78\">\n\t\t\t\t<div class=\"elementor-element elementor-element-dcc1333 e-flex e-con-boxed e-con e-parent\" data-id=\"dcc1333\" data-element_type=\"container\" data-e-type=\"container\">\n\t\t\t\t\t<div class=\"e-con-inner\">\n\t\t<div class=\"elementor-element elementor-element-edeabc5 e-con-full e-flex e-con e-child\" data-id=\"edeabc5\" data-element_type=\"container\" data-e-type=\"container\">\n\t\t\t\t<div class=\"elementor-element elementor-element-dc0579b elementor-widget elementor-widget-image\" data-id=\"dc0579b\" data-element_type=\"widget\" data-e-type=\"widget\" data-widget_type=\"image.default\">\n\t\t\t\t\t\t\t\t\t\t\t\t\t\t\t<img fetchpriority=\"high\" decoding=\"async\" width=\"1024\" height=\"1024\" src=\"https:\/\/clapatelier.fr\/wp-content\/uploads\/2025\/08\/Photo-1024x1024.png\" class=\"attachment-large size-large wp-image-162\" alt=\"\" srcset=\"https:\/\/clapatelier.fr\/wp-content\/uploads\/2025\/08\/Photo-1024x1024.png 1024w, https:\/\/clapatelier.fr\/wp-content\/uploads\/2025\/08\/Photo-300x300.png 300w, https:\/\/clapatelier.fr\/wp-content\/uploads\/2025\/08\/Photo-150x150.png 150w, https:\/\/clapatelier.fr\/wp-content\/uploads\/2025\/08\/Photo-768x768.png 768w, https:\/\/clapatelier.fr\/wp-content\/uploads\/2025\/08\/Photo-1536x1536.png 1536w, https:\/\/clapatelier.fr\/wp-content\/uploads\/2025\/08\/Photo-2048x2048.png 2048w\" sizes=\"(max-width: 1024px) 100vw, 1024px\" \/>\t\t\t\t\t\t\t\t\t\t\t\t\t\t\t<\/div>\n\t\t\t\t<\/div>\n\t\t<div class=\"elementor-element elementor-element-f9f7cb9 e-con-full e-flex e-con e-child\" data-id=\"f9f7cb9\" data-element_type=\"container\" data-e-type=\"container\">\n\t\t\t\t<div class=\"elementor-element elementor-element-a153644 elementor-widget elementor-widget-text-editor\" data-id=\"a153644\" data-element_type=\"widget\" data-e-type=\"widget\" data-widget_type=\"text-editor.default\">\n\t\t\t\t\t\t\t\t\t<h3>A propos de moi<\/h3><p data-start=\"228\" data-end=\"500\">Bonjour et bienvenue par ici \ud83c\udf3c<\/p><p data-start=\"228\" data-end=\"500\">Moi, c\u2019est Cl\u00e9mence ! J\u2019adore cr\u00e9er de mes mains et partager toutes ces petites id\u00e9es qui rendent le quotidien plus joyeux. Papier, vinyle, tissus, peinture\u2026 je touche un peu \u00e0 tout, et surtout, je prends plaisir \u00e0 tester et \u00e0 inventer.<\/p><p data-start=\"502\" data-end=\"808\">La Cricut est devenue ma meilleure complice pour r\u00e9aliser mes projets cr\u00e9atifs. Elle me permet de personnaliser, d\u00e9couper et donner vie \u00e0 toutes mes envies. J\u2019ai m\u00eame la chance d\u2019\u00eatre <strong data-start=\"686\" data-end=\"718\">artiste contributrice Cricut<\/strong>, ce qui me permet de partager mes cr\u00e9ations avec une grande communaut\u00e9 de passionn\u00e9s.<\/p><p data-start=\"810\" data-end=\"1145\">Avec ce blog, mon but est simple : <strong data-start=\"845\" data-end=\"882\">vous inspirer et vous accompagner<\/strong>. Vous trouverez ici des tutos pas compliqu\u00e9s, des id\u00e9es \u00e0 refaire chez vous, et parfois m\u00eame des projets plus ambitieux pour vous challenger. Et bient\u00f4t, j\u2019aimerais proposer des <strong data-start=\"1061\" data-end=\"1082\">ateliers cr\u00e9atifs<\/strong> pour que l\u2019on puisse se retrouver en vrai et cr\u00e9er ensemble.<\/p><p data-start=\"1147\" data-end=\"1281\">Alors installez-vous, attrapez vos ciseaux, vos papiers, ou allumez votre Cricut : ici, on va donner vie \u00e0 plein de jolies id\u00e9es \u2702\ufe0f\u2728<\/p>\t\t\t\t\t\t\t\t<\/div>\n\t\t\t\t<\/div>\n\t\t\t\t\t<\/div>\n\t\t\t\t<\/div>\n\t\t\t\t<\/div>\n\t\t","protected":false},"excerpt":{"rendered":"<p>A propos de moi Bonjour et bienvenue par ici \ud83c\udf3c Moi, c\u2019est Cl\u00e9mence ! J\u2019adore cr\u00e9er de mes mains et partager toutes ces petites id\u00e9es qui rendent le quotidien plus joyeux. Papier, vinyle, tissus, peinture\u2026 je touche un peu \u00e0 tout, et surtout, je prends plaisir \u00e0 tester et \u00e0 inventer. La Cricut est devenue [&hellip;]<\/p>\n","protected":false},"author":1,"featured_media":0,"parent":0,"menu_order":0,"comment_status":"closed","ping_status":"closed","template":"","meta":{"_eb_attr":"","footnotes":""},"class_list":["post-78","page","type-page","status-publish","hentry"],"blocksy_meta":[],"_links":{"self":[{"href":"https:\/\/clapatelier.fr\/index.php\/wp-json\/wp\/v2\/pages\/78","targetHints":{"allow":["GET"]}}],"collection":[{"href":"https:\/\/clapatelier.fr\/index.php\/wp-json\/wp\/v2\/pages"}],"about":[{"href":"https:\/\/clapatelier.fr\/index.php\/wp-json\/wp\/v2\/types\/page"}],"author":[{"embeddable":true,"href":"https:\/\/clapatelier.fr\/index.php\/wp-json\/wp\/v2\/users\/1"}],"replies":[{"embeddable":true,"href":"https:\/\/clapatelier.fr\/index.php\/wp-json\/wp\/v2\/comments?post=78"}],"version-history":[{"count":4,"href":"https:\/\/clapatelier.fr\/index.php\/wp-json\/wp\/v2\/pages\/78\/revisions"}],"predecessor-version":[{"id":251,"href":"https:\/\/clapatelier.fr\/index.php\/wp-json\/wp\/v2\/pages\/78\/revisions\/251"}],"wp:attachment":[{"href":"https:\/\/clapatelier.fr\/index.php\/wp-json\/wp\/v2\/media?parent=78"}],"curies":[{"name":"wp","href":"https:\/\/api.w.org\/{rel}","templated":true}]}}