{"id":84,"date":"2025-08-19T15:48:43","date_gmt":"2025-08-19T15:48:43","guid":{"rendered":"http:\/\/clapatelier.fr\/?page_id=84"},"modified":"2025-09-23T19:15:55","modified_gmt":"2025-09-23T19:15:55","slug":"ateliers","status":"publish","type":"page","link":"https:\/\/clapatelier.fr\/index.php\/ateliers\/","title":{"rendered":"Ateliers"},"content":{"rendered":"\t\t<div data-elementor-type=\"wp-page\" data-elementor-id=\"84\" class=\"elementor elementor-84\">\n\t\t\t\t<div class=\"elementor-element elementor-element-920dea5 e-flex e-con-boxed e-con e-parent\" data-id=\"920dea5\" data-element_type=\"container\" data-e-type=\"container\">\n\t\t\t\t\t<div class=\"e-con-inner\">\n\t\t\t\t<div class=\"elementor-element elementor-element-4c53740 elementor-widget__width-inherit elementor-widget elementor-widget-heading\" data-id=\"4c53740\" data-element_type=\"widget\" data-e-type=\"widget\" data-widget_type=\"heading.default\">\n\t\t\t\t\t<h2 class=\"elementor-heading-title elementor-size-default\">Ateliers<\/h2>\t\t\t\t<\/div>\n\t\t\t\t\t<\/div>\n\t\t\t\t<\/div>\n\t\t<div class=\"elementor-element elementor-element-38c4a42 e-flex e-con-boxed e-con e-parent\" data-id=\"38c4a42\" data-element_type=\"container\" data-e-type=\"container\">\n\t\t\t\t\t<div class=\"e-con-inner\">\n\t\t\t\t<div class=\"elementor-element elementor-element-6220132 elementor-widget elementor-widget-text-editor\" data-id=\"6220132\" data-element_type=\"widget\" data-e-type=\"widget\" data-widget_type=\"text-editor.default\">\n\t\t\t\t\t\t\t\t\t<h3 data-start=\"696\" data-end=\"755\">Mon premier atelier Cricut \u00e0 Haguenau, \u00e0 la Brunchoise<\/h3><p data-start=\"757\" data-end=\"950\">\ud83d\udcc5 <strong data-start=\"760\" data-end=\"768\">Date<\/strong> : 11 octobre 2025<br data-start=\"786\" data-end=\"789\" \/>\ud83d\udd51 <strong data-start=\"792\" data-end=\"803\">Horaire<\/strong> : 14h \u2013 16h<br data-start=\"815\" data-end=\"818\" \/>\ud83d\udccd <strong data-start=\"821\" data-end=\"829\">Lieu<\/strong> : La Brunchoise, Haguenau (Bas-Rhin, Alsace)<br data-start=\"874\" data-end=\"877\" \/>\ud83d\udcb0 <strong data-start=\"880\" data-end=\"889\">Tarif<\/strong> : 35 \u20ac (accompagnement personnalis\u00e9 + une boisson incluse)<\/p><p data-start=\"952\" data-end=\"1182\">Cet <strong data-start=\"956\" data-end=\"984\">atelier Cricut en Alsace<\/strong> se d\u00e9roule dans le cadre chaleureux de la Brunchoise, un caf\u00e9 convivial \u00e0 Haguenau. Vous pourrez ainsi apprendre, cr\u00e9er et exp\u00e9rimenter tout en partageant un moment agr\u00e9able autour d\u2019une boisson.<\/p><hr data-start=\"1184\" data-end=\"1187\" \/><h3 data-start=\"1189\" data-end=\"1236\">Pourquoi participer \u00e0 cet atelier Cricut ?<\/h3><p data-start=\"1238\" data-end=\"1292\">Lors de cet <strong data-start=\"1250\" data-end=\"1276\">atelier cr\u00e9atif Cricut<\/strong>, vous allez :<\/p><ul data-start=\"1293\" data-end=\"1688\"><li data-start=\"1293\" data-end=\"1352\"><p data-start=\"1295\" data-end=\"1352\">Apprendre \u00e0 mieux utiliser le logiciel <strong data-start=\"1334\" data-end=\"1350\">Design Space<\/strong><\/p><\/li><li data-start=\"1353\" data-end=\"1454\"><p data-start=\"1355\" data-end=\"1454\">D\u00e9couvrir de nouveaux mat\u00e9riaux comme le bois, le vinyle, le thermocollant, le papier ou le tissu<\/p><\/li><li data-start=\"1455\" data-end=\"1545\"><p data-start=\"1457\" data-end=\"1545\">Profiter d\u2019un <strong data-start=\"1471\" data-end=\"1502\">accompagnement personnalis\u00e9<\/strong> adapt\u00e9 \u00e0 votre projet et \u00e0 vos questions<\/p><\/li><li data-start=\"1546\" data-end=\"1615\"><p data-start=\"1548\" data-end=\"1615\">Tester des outils et accessoires Cricut dans de vraies conditions<\/p><\/li><li data-start=\"1616\" data-end=\"1688\"><p data-start=\"1618\" data-end=\"1688\">Repartir avec une cr\u00e9ation faite main et de nouvelles comp\u00e9tences \ud83c\udfa8<\/p><\/li><\/ul><hr data-start=\"1690\" data-end=\"1693\" \/><h3 data-start=\"1695\" data-end=\"1726\">Ce que vous devez apporter<\/h3><p data-start=\"1728\" data-end=\"1813\">\ud83d\udc49 Pour profiter pleinement de cet <strong data-start=\"1763\" data-end=\"1792\">atelier Cricut \u00e0 Haguenau<\/strong>, pensez \u00e0 amener :<\/p><ul data-start=\"1814\" data-end=\"1975\"><li data-start=\"1814\" data-end=\"1838\"><p data-start=\"1816\" data-end=\"1838\">Votre machine Cricut<\/p><\/li><li data-start=\"1839\" data-end=\"1902\"><p data-start=\"1841\" data-end=\"1902\">Votre ordinateur ou tablette avec <strong data-start=\"1875\" data-end=\"1891\">Design Space<\/strong> install\u00e9<\/p><\/li><li data-start=\"1903\" data-end=\"1975\"><p data-start=\"1905\" data-end=\"1975\">Les mat\u00e9riaux n\u00e9cessaires pour le projet que vous souhaitez r\u00e9aliser<\/p><\/li><\/ul><p data-start=\"1977\" data-end=\"2018\">\u2702\ufe0f De mon c\u00f4t\u00e9, je mets \u00e0 disposition :<\/p><ul data-start=\"2019\" data-end=\"2208\"><li data-start=\"2019\" data-end=\"2044\"><p data-start=\"2021\" data-end=\"2044\">Ma <strong data-start=\"2024\" data-end=\"2042\">Cricut Maker 4<\/strong><\/p><\/li><li data-start=\"2045\" data-end=\"2068\"><p data-start=\"2047\" data-end=\"2068\">Mes lames et outils<\/p><\/li><li data-start=\"2069\" data-end=\"2092\"><p data-start=\"2071\" data-end=\"2092\">Ma <strong data-start=\"2074\" data-end=\"2090\">Easy Press 3<\/strong><\/p><\/li><li data-start=\"2093\" data-end=\"2208\"><p data-start=\"2095\" data-end=\"2208\">Des \u00e9chantillons de mat\u00e9riaux (papier, vinyle, thermocollant, bois, tissu\u2026) pour que vous puissiez exp\u00e9rimenter<\/p><\/li><\/ul><hr data-start=\"2210\" data-end=\"2213\" \/><h3 data-start=\"2215\" data-end=\"2250\">Inscription \u00e0 l\u2019atelier Cricut<\/h3><p data-start=\"2252\" data-end=\"2499\">Les places sont limit\u00e9es afin de garantir un <strong data-start=\"2297\" data-end=\"2342\">accompagnement individuel et personnalis\u00e9<\/strong>.<br data-start=\"2343\" data-end=\"2346\" \/>\ud83d\udc49 Pour vous inscrire \u00e0 cet <strong data-start=\"2374\" data-end=\"2422\">atelier Cricut \u00e0 Haguenau (Bas-Rhin, Alsace)<\/strong>, il vous suffit de suivre ce lien : <strong><a href=\"https:\/\/my.weezevent.com\/atelier-cricut\" target=\"_blank\" rel=\"noopener\">https:\/\/my.weezevent.com\/atelier-cricut<\/a><\/strong><\/p><hr data-start=\"2501\" data-end=\"2504\" \/><p data-start=\"2506\" data-end=\"2744\">\u2728 Que vous soyez d\u00e9butant\u00b7e ou d\u00e9j\u00e0 utilisateur\u00b7rice confirm\u00e9\u00b7e, cet <strong data-start=\"2575\" data-end=\"2604\">atelier Cricut \u00e0 Haguenau<\/strong> est une belle occasion de progresser, d\u2019exp\u00e9rimenter de nouveaux mat\u00e9riaux et de partager un moment cr\u00e9atif dans une ambiance conviviale.<\/p><p data-start=\"2746\" data-end=\"2828\">\ud83d\udcc5 Rendez-vous le 11 octobre \u00e0 la Brunchoise pour cet atelier Cricut en Alsace !<\/p>\t\t\t\t\t\t\t\t<\/div>\n\t\t\t\t\t<\/div>\n\t\t\t\t<\/div>\n\t\t\t\t<\/div>\n\t\t","protected":false},"excerpt":{"rendered":"<p>Ateliers Mon premier atelier Cricut \u00e0 Haguenau, \u00e0 la Brunchoise \ud83d\udcc5 Date : 11 octobre 2025\ud83d\udd51 Horaire : 14h \u2013 16h\ud83d\udccd Lieu : La Brunchoise, Haguenau (Bas-Rhin, Alsace)\ud83d\udcb0 Tarif : 35 \u20ac (accompagnement personnalis\u00e9 + une boisson incluse) Cet atelier Cricut en Alsace se d\u00e9roule dans le cadre chaleureux de la Brunchoise, un caf\u00e9 convivial [&hellip;]<\/p>\n","protected":false},"author":1,"featured_media":0,"parent":0,"menu_order":0,"comment_status":"closed","ping_status":"closed","template":"","meta":{"_eb_attr":"","footnotes":""},"class_list":["post-84","page","type-page","status-publish","hentry"],"blocksy_meta":[],"_links":{"self":[{"href":"https:\/\/clapatelier.fr\/index.php\/wp-json\/wp\/v2\/pages\/84","targetHints":{"allow":["GET"]}}],"collection":[{"href":"https:\/\/clapatelier.fr\/index.php\/wp-json\/wp\/v2\/pages"}],"about":[{"href":"https:\/\/clapatelier.fr\/index.php\/wp-json\/wp\/v2\/types\/page"}],"author":[{"embeddable":true,"href":"https:\/\/clapatelier.fr\/index.php\/wp-json\/wp\/v2\/users\/1"}],"replies":[{"embeddable":true,"href":"https:\/\/clapatelier.fr\/index.php\/wp-json\/wp\/v2\/comments?post=84"}],"version-history":[{"count":14,"href":"https:\/\/clapatelier.fr\/index.php\/wp-json\/wp\/v2\/pages\/84\/revisions"}],"predecessor-version":[{"id":513,"href":"https:\/\/clapatelier.fr\/index.php\/wp-json\/wp\/v2\/pages\/84\/revisions\/513"}],"wp:attachment":[{"href":"https:\/\/clapatelier.fr\/index.php\/wp-json\/wp\/v2\/media?parent=84"}],"curies":[{"name":"wp","href":"https:\/\/api.w.org\/{rel}","templated":true}]}}